{"id":1802,"date":"2022-07-04T17:44:16","date_gmt":"2022-07-04T17:44:16","guid":{"rendered":"https:\/\/rodelbahn.cl\/?page_id=1802"},"modified":"2022-07-07T02:14:51","modified_gmt":"2022-07-07T02:14:51","slug":"eventos-corporativos","status":"publish","type":"page","link":"https:\/\/rodelbahn.cl\/en\/eventos-corporativos\/","title":{"rendered":"corporate events"},"content":{"rendered":"<div data-vc-full-width=\"true\" data-vc-full-width-init=\"false\" data-vc-stretch-content=\"true\" class=\"vc_row wpb_row vc_row-fluid vc_custom_1657044427509 vc_row-has-fill vc_row-no-padding\"><div class=\"wpb_column vc_column_container vc_col-sm-2\"><div class=\"vc_column-inner\"><div class=\"wpb_wrapper\"><\/div><\/div><\/div><div class=\"wpb_column vc_column_container vc_col-sm-8\"><div class=\"vc_column-inner vc_custom_1657044057447\"><div class=\"wpb_wrapper\"><div class=\"vc_empty_space\"  style=\"height: 32px\" ><span class=\"vc_empty_space_inner\"><\/span><\/div>\r\n\r\n\t<div class=\"wpb_text_column wpb_content_element\">\r\n\t\t<div class=\"wpb_wrapper\">\r\n\t\t\t<h1><span style=\"font-weight: 400;\">As the event <em><strong>is concerned<\/strong><\/em> what a great and most place <strong><em>place to hold an event! at the heights of the<\/em><\/strong> mountain <em>and with and<\/em> amazing <strong><em>view.<\/em><\/strong>.<\/span><\/h1>\n\r\n\t\t<\/div>\r\n\t<\/div>\r\n<div class=\"vc_empty_space\"  style=\"height: 32px\" ><span class=\"vc_empty_space_inner\"><\/span><\/div>\r\n<\/div><\/div><\/div><div class=\"wpb_column vc_column_container vc_col-sm-2\"><div class=\"vc_column-inner\"><div class=\"wpb_wrapper\"><\/div><\/div><\/div><\/div><div class=\"vc_row-full-width vc_clearfix\"><\/div><div data-vc-full-width=\"true\" data-vc-full-width-init=\"false\" data-vc-stretch-content=\"true\" class=\"vc_row wpb_row vc_row-fluid vc_custom_1656957206100 vc_row-has-fill vc_column-gap-10 vc_row-no-padding\"><div class=\"wpb_column vc_column_container vc_col-sm-12\"><div class=\"vc_column-inner vc_custom_1657044155554\"><div class=\"wpb_wrapper\"><div class=\"vc_row wpb_row vc_inner vc_row-fluid vc_column-gap-20\"><div class=\"wpb_column vc_column_container vc_col-sm-2\"><div class=\"vc_column-inner\"><div class=\"wpb_wrapper\"><\/div><\/div><\/div><div class=\"wpb_column vc_column_container vc_col-sm-8\"><div class=\"vc_column-inner\"><div class=\"wpb_wrapper\"><h2 style=\"color: #efefef;text-align: left\" class=\"vc_custom_heading vc_custom_1657159953357\">Weddings, Seminars, Congresses, Meetings, etc.<br \/>\nOn the Rodelbahn, you will enjoy special and different events for those who wish, meet typical music from the Alps, or perhaps experience a celebration like no other.<br \/>\nMake your reservations in advance, through our form, or by phone.<\/h2><div class=\"vc_empty_space\"  style=\"height: 32px\" ><span class=\"vc_empty_space_inner\"><\/span><\/div>\r\n<\/div><\/div><\/div><div class=\"wpb_column vc_column_container vc_col-sm-2\"><div class=\"vc_column-inner\"><div class=\"wpb_wrapper\"><\/div><\/div><\/div><\/div><\/div><\/div><\/div><\/div><div class=\"vc_row-full-width vc_clearfix\"><\/div><div data-vc-full-width=\"true\" data-vc-full-width-init=\"false\" data-vc-stretch-content=\"true\" class=\"vc_row wpb_row vc_row-fluid vc_custom_1657044505552 vc_row-has-fill vc_row-no-padding\"><div class=\"wpb_column vc_column_container vc_col-sm-4\"><div class=\"vc_column-inner\"><div class=\"wpb_wrapper\">\r\n\t<div class=\"wpb_single_image wpb_content_element vc_align_right\">\r\n\t\t\r\n\t\t<figure class=\"wpb_wrapper vc_figure\">\r\n\t\t\t<a data-rel=\"prettyPhoto[rel-1802-1782091005]\" href=\"https:\/\/rodelbahn.cl\/wp-content\/uploads\/2022\/07\/DSC02600.jpg\" target=\"_self\" class=\"vc_single_image-wrapper   vc_box_border_grey prettyphoto\"><img width=\"1005\" height=\"718\" src=\"https:\/\/rodelbahn.cl\/wp-content\/uploads\/2022\/07\/DSC02600.jpg\" class=\"vc_single_image-img attachment-large\" alt=\"\" decoding=\"async\" loading=\"lazy\" srcset=\"https:\/\/rodelbahn.cl\/wp-content\/uploads\/2022\/07\/DSC02600.jpg 1005w, https:\/\/rodelbahn.cl\/wp-content\/uploads\/2022\/07\/DSC02600-300x214.jpg 300w, https:\/\/rodelbahn.cl\/wp-content\/uploads\/2022\/07\/DSC02600-768x549.jpg 768w, https:\/\/rodelbahn.cl\/wp-content\/uploads\/2022\/07\/DSC02600-600x429.jpg 600w\" sizes=\"(max-width: 1005px) 100vw, 1005px\" \/><\/a>\r\n\t\t<\/figure>\r\n\t<\/div>\r\n\r\n\t<div class=\"wpb_single_image wpb_content_element vc_align_right\">\r\n\t\t\r\n\t\t<figure class=\"wpb_wrapper vc_figure\">\r\n\t\t\t<a data-rel=\"prettyPhoto[rel-1802-1235412944]\" href=\"https:\/\/rodelbahn.cl\/wp-content\/uploads\/2022\/07\/DSC_0005-1-1024x731.jpg\" target=\"_self\" class=\"vc_single_image-wrapper   vc_box_border_grey prettyphoto\"><img width=\"1024\" height=\"731\" src=\"https:\/\/rodelbahn.cl\/wp-content\/uploads\/2022\/07\/DSC_0005-1-1024x731.jpg\" class=\"vc_single_image-img attachment-large\" alt=\"\" decoding=\"async\" loading=\"lazy\" srcset=\"https:\/\/rodelbahn.cl\/wp-content\/uploads\/2022\/07\/DSC_0005-1-1024x731.jpg 1024w, https:\/\/rodelbahn.cl\/wp-content\/uploads\/2022\/07\/DSC_0005-1-300x214.jpg 300w, https:\/\/rodelbahn.cl\/wp-content\/uploads\/2022\/07\/DSC_0005-1-768x549.jpg 768w, https:\/\/rodelbahn.cl\/wp-content\/uploads\/2022\/07\/DSC_0005-1-1536x1097.jpg 1536w, https:\/\/rodelbahn.cl\/wp-content\/uploads\/2022\/07\/DSC_0005-1-600x429.jpg 600w, https:\/\/rodelbahn.cl\/wp-content\/uploads\/2022\/07\/DSC_0005-1.jpg 2016w\" sizes=\"(max-width: 1024px) 100vw, 1024px\" \/><\/a>\r\n\t\t<\/figure>\r\n\t<\/div>\r\n\r\n\t<div class=\"wpb_single_image wpb_content_element vc_align_right\">\r\n\t\t\r\n\t\t<figure class=\"wpb_wrapper vc_figure\">\r\n\t\t\t<a data-rel=\"prettyPhoto[rel-1802-467954704]\" href=\"https:\/\/rodelbahn.cl\/wp-content\/uploads\/2022\/07\/DSC_0011-1-1024x679.jpg\" target=\"_self\" class=\"vc_single_image-wrapper   vc_box_border_grey prettyphoto\"><img width=\"1024\" height=\"679\" src=\"https:\/\/rodelbahn.cl\/wp-content\/uploads\/2022\/07\/DSC_0011-1-1024x679.jpg\" class=\"vc_single_image-img attachment-large\" alt=\"\" decoding=\"async\" loading=\"lazy\" srcset=\"https:\/\/rodelbahn.cl\/wp-content\/uploads\/2022\/07\/DSC_0011-1-1024x679.jpg 1024w, https:\/\/rodelbahn.cl\/wp-content\/uploads\/2022\/07\/DSC_0011-1-300x199.jpg 300w, https:\/\/rodelbahn.cl\/wp-content\/uploads\/2022\/07\/DSC_0011-1-768x509.jpg 768w, https:\/\/rodelbahn.cl\/wp-content\/uploads\/2022\/07\/DSC_0011-1-1536x1019.jpg 1536w, https:\/\/rodelbahn.cl\/wp-content\/uploads\/2022\/07\/DSC_0011-1-2048x1358.jpg 2048w, https:\/\/rodelbahn.cl\/wp-content\/uploads\/2022\/07\/DSC_0011-1-600x398.jpg 600w\" sizes=\"(max-width: 1024px) 100vw, 1024px\" \/><\/a>\r\n\t\t<\/figure>\r\n\t<\/div>\r\n<\/div><\/div><\/div><div class=\"wpb_column vc_column_container vc_col-sm-4\"><div class=\"vc_column-inner\"><div class=\"wpb_wrapper\">\r\n\t<div class=\"wpb_single_image wpb_content_element vc_align_right\">\r\n\t\t\r\n\t\t<figure class=\"wpb_wrapper vc_figure\">\r\n\t\t\t<a data-rel=\"prettyPhoto[rel-1802-1670904856]\" href=\"https:\/\/rodelbahn.cl\/wp-content\/uploads\/2022\/07\/DSC00805-1024x731.jpg\" target=\"_self\" class=\"vc_single_image-wrapper   vc_box_border_grey prettyphoto\"><img width=\"1024\" height=\"731\" src=\"https:\/\/rodelbahn.cl\/wp-content\/uploads\/2022\/07\/DSC00805-1024x731.jpg\" class=\"vc_single_image-img attachment-large\" alt=\"\" decoding=\"async\" loading=\"lazy\" srcset=\"https:\/\/rodelbahn.cl\/wp-content\/uploads\/2022\/07\/DSC00805-1024x731.jpg 1024w, https:\/\/rodelbahn.cl\/wp-content\/uploads\/2022\/07\/DSC00805-300x214.jpg 300w, https:\/\/rodelbahn.cl\/wp-content\/uploads\/2022\/07\/DSC00805-768x548.jpg 768w, https:\/\/rodelbahn.cl\/wp-content\/uploads\/2022\/07\/DSC00805-600x428.jpg 600w, https:\/\/rodelbahn.cl\/wp-content\/uploads\/2022\/07\/DSC00805.jpg 1280w\" sizes=\"(max-width: 1024px) 100vw, 1024px\" \/><\/a>\r\n\t\t<\/figure>\r\n\t<\/div>\r\n\r\n\t<div class=\"wpb_single_image wpb_content_element vc_align_right\">\r\n\t\t\r\n\t\t<figure class=\"wpb_wrapper vc_figure\">\r\n\t\t\t<a data-rel=\"prettyPhoto[rel-1802-561542896]\" href=\"https:\/\/rodelbahn.cl\/wp-content\/uploads\/2022\/07\/24-1024x679.jpg\" target=\"_self\" class=\"vc_single_image-wrapper   vc_box_border_grey prettyphoto\"><img width=\"1024\" height=\"679\" src=\"https:\/\/rodelbahn.cl\/wp-content\/uploads\/2022\/07\/24-1024x679.jpg\" class=\"vc_single_image-img attachment-large\" alt=\"\" decoding=\"async\" loading=\"lazy\" srcset=\"https:\/\/rodelbahn.cl\/wp-content\/uploads\/2022\/07\/24-1024x679.jpg 1024w, https:\/\/rodelbahn.cl\/wp-content\/uploads\/2022\/07\/24-300x199.jpg 300w, https:\/\/rodelbahn.cl\/wp-content\/uploads\/2022\/07\/24-768x509.jpg 768w, https:\/\/rodelbahn.cl\/wp-content\/uploads\/2022\/07\/24-1536x1019.jpg 1536w, https:\/\/rodelbahn.cl\/wp-content\/uploads\/2022\/07\/24-2048x1358.jpg 2048w, https:\/\/rodelbahn.cl\/wp-content\/uploads\/2022\/07\/24-600x398.jpg 600w\" sizes=\"(max-width: 1024px) 100vw, 1024px\" \/><\/a>\r\n\t\t<\/figure>\r\n\t<\/div>\r\n\r\n\t<div class=\"wpb_single_image wpb_content_element vc_align_right\">\r\n\t\t\r\n\t\t<figure class=\"wpb_wrapper vc_figure\">\r\n\t\t\t<a data-rel=\"prettyPhoto[rel-1802-1841881904]\" href=\"https:\/\/rodelbahn.cl\/wp-content\/uploads\/2022\/07\/DSC_1146-1-1024x731.jpg\" target=\"_self\" class=\"vc_single_image-wrapper   vc_box_border_grey prettyphoto\"><img width=\"1024\" height=\"731\" src=\"https:\/\/rodelbahn.cl\/wp-content\/uploads\/2022\/07\/DSC_1146-1-1024x731.jpg\" class=\"vc_single_image-img attachment-large\" alt=\"\" decoding=\"async\" loading=\"lazy\" srcset=\"https:\/\/rodelbahn.cl\/wp-content\/uploads\/2022\/07\/DSC_1146-1-1024x731.jpg 1024w, https:\/\/rodelbahn.cl\/wp-content\/uploads\/2022\/07\/DSC_1146-1-300x214.jpg 300w, https:\/\/rodelbahn.cl\/wp-content\/uploads\/2022\/07\/DSC_1146-1-768x548.jpg 768w, https:\/\/rodelbahn.cl\/wp-content\/uploads\/2022\/07\/DSC_1146-1-600x428.jpg 600w, https:\/\/rodelbahn.cl\/wp-content\/uploads\/2022\/07\/DSC_1146-1.jpg 1091w\" sizes=\"(max-width: 1024px) 100vw, 1024px\" \/><\/a>\r\n\t\t<\/figure>\r\n\t<\/div>\r\n<\/div><\/div><\/div><div class=\"wpb_column vc_column_container vc_col-sm-4\"><div class=\"vc_column-inner\"><div class=\"wpb_wrapper\">\r\n\t<div class=\"wpb_single_image wpb_content_element vc_align_right\">\r\n\t\t\r\n\t\t<figure class=\"wpb_wrapper vc_figure\">\r\n\t\t\t<a data-rel=\"prettyPhoto[rel-1802-2129886796]\" href=\"https:\/\/rodelbahn.cl\/wp-content\/uploads\/2022\/07\/IMG_0963-1024x732.jpg\" target=\"_self\" class=\"vc_single_image-wrapper   vc_box_border_grey prettyphoto\"><img width=\"1024\" height=\"732\" src=\"https:\/\/rodelbahn.cl\/wp-content\/uploads\/2022\/07\/IMG_0963-1024x732.jpg\" class=\"vc_single_image-img attachment-large\" alt=\"\" decoding=\"async\" loading=\"lazy\" srcset=\"https:\/\/rodelbahn.cl\/wp-content\/uploads\/2022\/07\/IMG_0963-1024x732.jpg 1024w, https:\/\/rodelbahn.cl\/wp-content\/uploads\/2022\/07\/IMG_0963-300x214.jpg 300w, https:\/\/rodelbahn.cl\/wp-content\/uploads\/2022\/07\/IMG_0963-768x549.jpg 768w, https:\/\/rodelbahn.cl\/wp-content\/uploads\/2022\/07\/IMG_0963-1536x1097.jpg 1536w, https:\/\/rodelbahn.cl\/wp-content\/uploads\/2022\/07\/IMG_0963-2048x1463.jpg 2048w, https:\/\/rodelbahn.cl\/wp-content\/uploads\/2022\/07\/IMG_0963-600x429.jpg 600w\" sizes=\"(max-width: 1024px) 100vw, 1024px\" \/><\/a>\r\n\t\t<\/figure>\r\n\t<\/div>\r\n\r\n\t<div class=\"wpb_single_image wpb_content_element vc_align_right\">\r\n\t\t\r\n\t\t<figure class=\"wpb_wrapper vc_figure\">\r\n\t\t\t<a data-rel=\"prettyPhoto[rel-1802-728904702]\" href=\"https:\/\/rodelbahn.cl\/wp-content\/uploads\/2022\/07\/DSC_1123-1024x679.jpg\" target=\"_self\" class=\"vc_single_image-wrapper   vc_box_border_grey prettyphoto\"><img width=\"1024\" height=\"679\" src=\"https:\/\/rodelbahn.cl\/wp-content\/uploads\/2022\/07\/DSC_1123-1024x679.jpg\" class=\"vc_single_image-img attachment-large\" alt=\"\" decoding=\"async\" loading=\"lazy\" srcset=\"https:\/\/rodelbahn.cl\/wp-content\/uploads\/2022\/07\/DSC_1123-1024x679.jpg 1024w, https:\/\/rodelbahn.cl\/wp-content\/uploads\/2022\/07\/DSC_1123-300x199.jpg 300w, https:\/\/rodelbahn.cl\/wp-content\/uploads\/2022\/07\/DSC_1123-768x509.jpg 768w, https:\/\/rodelbahn.cl\/wp-content\/uploads\/2022\/07\/DSC_1123-1536x1019.jpg 1536w, https:\/\/rodelbahn.cl\/wp-content\/uploads\/2022\/07\/DSC_1123-2048x1358.jpg 2048w, https:\/\/rodelbahn.cl\/wp-content\/uploads\/2022\/07\/DSC_1123-600x398.jpg 600w\" sizes=\"(max-width: 1024px) 100vw, 1024px\" \/><\/a>\r\n\t\t<\/figure>\r\n\t<\/div>\r\n\r\n\t<div class=\"wpb_single_image wpb_content_element vc_align_right\">\r\n\t\t\r\n\t\t<figure class=\"wpb_wrapper vc_figure\">\r\n\t\t\t<a data-rel=\"prettyPhoto[rel-1802-980533875]\" href=\"https:\/\/rodelbahn.cl\/wp-content\/uploads\/2022\/07\/DSC_0043-1024x732.jpg\" target=\"_self\" class=\"vc_single_image-wrapper   vc_box_border_grey prettyphoto\"><img width=\"1024\" height=\"732\" src=\"https:\/\/rodelbahn.cl\/wp-content\/uploads\/2022\/07\/DSC_0043-1024x732.jpg\" class=\"vc_single_image-img attachment-large\" alt=\"\" decoding=\"async\" loading=\"lazy\" srcset=\"https:\/\/rodelbahn.cl\/wp-content\/uploads\/2022\/07\/DSC_0043-1024x732.jpg 1024w, https:\/\/rodelbahn.cl\/wp-content\/uploads\/2022\/07\/DSC_0043-300x214.jpg 300w, https:\/\/rodelbahn.cl\/wp-content\/uploads\/2022\/07\/DSC_0043-768x549.jpg 768w, https:\/\/rodelbahn.cl\/wp-content\/uploads\/2022\/07\/DSC_0043-1536x1098.jpg 1536w, https:\/\/rodelbahn.cl\/wp-content\/uploads\/2022\/07\/DSC_0043-600x429.jpg 600w, https:\/\/rodelbahn.cl\/wp-content\/uploads\/2022\/07\/DSC_0043.jpg 1946w\" sizes=\"(max-width: 1024px) 100vw, 1024px\" \/><\/a>\r\n\t\t<\/figure>\r\n\t<\/div>\r\n<\/div><\/div><\/div><\/div><div class=\"vc_row-full-width vc_clearfix\"><\/div><div data-vc-full-width=\"true\" data-vc-full-width-init=\"false\" data-vc-stretch-content=\"true\" class=\"vc_row wpb_row vc_row-fluid vc_custom_1657044510156 vc_row-has-fill vc_row-no-padding\"><div class=\"wpb_column vc_column_container vc_col-sm-12\"><div class=\"vc_column-inner\"><div class=\"wpb_wrapper\"><div class=\"vc_empty_space\"  style=\"height: 32px\" ><span class=\"vc_empty_space_inner\"><\/span><\/div>\r\n<\/div><\/div><\/div><\/div><div class=\"vc_row-full-width vc_clearfix\"><\/div>","protected":false},"excerpt":{"rendered":"Y en lo que a evento se refiere, que mejor que un grato lugar en las alturas de la cordillera y con una vista espectacular. Matrimonios, Seminarios, Congresos, Reuniones, etc. En el Rodelbahn, podr\u00e1s disfrutar de eventos especiales y diferentes para quienes desean, encontrarse con una m\u00fasica t\u00edpica de los Alpes, o tal vez experimentar [...]","protected":false},"author":1,"featured_media":0,"parent":0,"menu_order":0,"comment_status":"closed","ping_status":"closed","template":"","meta":[],"_links":{"self":[{"href":"https:\/\/rodelbahn.cl\/en\/wp-json\/wp\/v2\/pages\/1802"}],"collection":[{"href":"https:\/\/rodelbahn.cl\/en\/wp-json\/wp\/v2\/pages"}],"about":[{"href":"https:\/\/rodelbahn.cl\/en\/wp-json\/wp\/v2\/types\/page"}],"author":[{"embeddable":true,"href":"https:\/\/rodelbahn.cl\/en\/wp-json\/wp\/v2\/users\/1"}],"replies":[{"embeddable":true,"href":"https:\/\/rodelbahn.cl\/en\/wp-json\/wp\/v2\/comments?post=1802"}],"version-history":[{"count":14,"href":"https:\/\/rodelbahn.cl\/en\/wp-json\/wp\/v2\/pages\/1802\/revisions"}],"predecessor-version":[{"id":1913,"href":"https:\/\/rodelbahn.cl\/en\/wp-json\/wp\/v2\/pages\/1802\/revisions\/1913"}],"wp:attachment":[{"href":"https:\/\/rodelbahn.cl\/en\/wp-json\/wp\/v2\/media?parent=1802"}],"curies":[{"name":"wp","href":"https:\/\/api.w.org\/{rel}","templated":true}]}}