{"id":40,"date":"2016-03-15T14:58:25","date_gmt":"2016-03-15T14:58:25","guid":{"rendered":"https:\/\/rodelbahn.cl\/?page_id=40"},"modified":"2026-02-27T19:03:43","modified_gmt":"2026-02-27T19:03:43","slug":"home-2","status":"publish","type":"page","link":"https:\/\/rodelbahn.cl\/en\/","title":{"rendered":"Home 2"},"content":{"rendered":"<div data-vc-full-width=\"true\" data-vc-full-width-init=\"false\" data-vc-stretch-content=\"true\" class=\"vc_row wpb_row vc_row-fluid vc_row-no-padding\"><div class=\"wpb_column vc_column_container vc_col-sm-12\"><div class=\"vc_column-inner\"><div class=\"wpb_wrapper\">\r\n\t<div class=\"wpb_text_column wpb_content_element  vc_custom_1656878246202\">\r\n\t\t<div class=\"wpb_wrapper\">\r\n\t\t\t<p style=\"text-align: center;\"><div id=\"metaslider-id-1669\" style=\"width: 100%; margin: 0 auto;\" class=\"ml-slider-3-27-6 metaslider metaslider-flex metaslider-1669 ml-slider nav-hidden\">\n    <div id=\"metaslider_container_1669\">\n        <div id=\"metaslider_1669\">\n            <ul aria-live=\"polite\" class=\"slides\">\n                <li style=\"display: block; width: 100%;\" class=\"slide-1874 ms-image\"><img src=\"https:\/\/rodelbahn.cl\/wp-content\/uploads\/2022\/07\/fotoslide-1-1500x600.jpg\" height=\"600\" width=\"1500\" alt=\"\" class=\"slider-1669 slide-1874\" title=\"fotoslide\" \/><\/li>\n            <\/ul>\n        <\/div>\n        \n    <\/div>\n<\/div>\n\r\n\t\t<\/div>\r\n\t<\/div>\r\n<\/div><\/div><\/div><\/div><div class=\"vc_row-full-width vc_clearfix\"><\/div><div data-vc-full-width=\"true\" data-vc-full-width-init=\"false\" data-vc-stretch-content=\"true\" data-vc-parallax=\"1.5\" class=\"vc_row wpb_row vc_row-fluid vc_custom_1656951129327 vc_row-has-fill vc_row-no-padding vc_general vc_parallax vc_parallax-content-moving\"><div class=\"wpb_column vc_column_container vc_col-sm-12\"><div class=\"vc_column-inner\"><div class=\"wpb_wrapper\"><div class=\"vc_row wpb_row vc_inner vc_row-fluid vc_row-o-content-top vc_row-flex\"><div class=\"wpb_column vc_column_container vc_col-sm-2\"><div class=\"vc_column-inner\"><div class=\"wpb_wrapper\"><\/div><\/div><\/div><div class=\"wpb_column vc_column_container vc_col-sm-6\"><div class=\"vc_column-inner\"><div class=\"wpb_wrapper\"><div class=\"vc_empty_space\"  style=\"height: 100px\" ><span class=\"vc_empty_space_inner\"><\/span><\/div>\r\n\r\n\t<div class=\"wpb_text_column wpb_content_element  vc_custom_1657035999863\">\r\n\t\t<div class=\"wpb_wrapper\">\r\n\t\t\t<h1>DESDE 02 DE MARZO HORARIOS<\/h1>\n<h2>11:00 A 19:00 HRS<\/h2>\n<h1>VIERNES A DOMINGOS<\/h1>\n\r\n\t\t<\/div>\r\n\t<\/div>\r\n<h2 style=\"text-align: left\" class=\"vc_custom_heading vc_custom_1657036022844\">VISITANOS<\/h2><\/div><\/div><\/div><div class=\"wpb_column vc_column_container vc_col-sm-2\"><div class=\"vc_column-inner\"><div class=\"wpb_wrapper\"><div class=\"vc_empty_space\"  style=\"height: 332px\" ><span class=\"vc_empty_space_inner\"><\/span><\/div>\r\n\r\n\t<div class=\"wpb_single_image wpb_content_element vc_align_left\">\r\n\t\t\r\n\t\t<figure class=\"wpb_wrapper vc_figure\">\r\n\t\t\t<div class=\"vc_single_image-wrapper   vc_box_border_grey\"><img width=\"190\" height=\"190\" src=\"https:\/\/rodelbahn.cl\/wp-content\/uploads\/2022\/07\/imag_pie2.png\" class=\"vc_single_image-img attachment-full\" alt=\"\" decoding=\"async\" loading=\"lazy\" srcset=\"https:\/\/rodelbahn.cl\/wp-content\/uploads\/2022\/07\/imag_pie2.png 190w, https:\/\/rodelbahn.cl\/wp-content\/uploads\/2022\/07\/imag_pie2-150x150.png 150w, https:\/\/rodelbahn.cl\/wp-content\/uploads\/2022\/07\/imag_pie2-100x100.png 100w\" sizes=\"(max-width: 190px) 100vw, 190px\" \/><\/div>\r\n\t\t<\/figure>\r\n\t<\/div>\r\n<\/div><\/div><\/div><div class=\"wpb_column vc_column_container vc_col-sm-2\"><div class=\"vc_column-inner\"><div class=\"wpb_wrapper\"><\/div><\/div><\/div><\/div><\/div><\/div><\/div><\/div><div class=\"vc_row-full-width vc_clearfix\"><\/div><div data-vc-full-width=\"true\" data-vc-full-width-init=\"false\" data-vc-stretch-content=\"true\" class=\"vc_row wpb_row vc_row-fluid vc_custom_1656951597121 vc_row-has-fill vc_row-no-padding\"><div class=\"wpb_column vc_column_container vc_col-sm-12\"><div class=\"vc_column-inner\"><div class=\"wpb_wrapper\"><div class=\"vc_row wpb_row vc_inner vc_row-fluid\"><div class=\"wpb_column vc_column_container vc_col-sm-3\"><div class=\"vc_column-inner\"><div class=\"wpb_wrapper\">\r\n\t<div class=\"wpb_single_image wpb_content_element vc_align_left\">\r\n\t\t\r\n\t\t<figure class=\"wpb_wrapper vc_figure\">\r\n\t\t\t<div class=\"vc_single_image-wrapper   vc_box_border_grey\"><img width=\"2500\" height=\"1786\" src=\"https:\/\/rodelbahn.cl\/wp-content\/uploads\/2022\/07\/DSC_0458-1.jpg\" class=\"vc_single_image-img attachment-full\" alt=\"\" decoding=\"async\" loading=\"lazy\" srcset=\"https:\/\/rodelbahn.cl\/wp-content\/uploads\/2022\/07\/DSC_0458-1.jpg 2500w, https:\/\/rodelbahn.cl\/wp-content\/uploads\/2022\/07\/DSC_0458-1-300x214.jpg 300w, https:\/\/rodelbahn.cl\/wp-content\/uploads\/2022\/07\/DSC_0458-1-1024x732.jpg 1024w, https:\/\/rodelbahn.cl\/wp-content\/uploads\/2022\/07\/DSC_0458-1-768x549.jpg 768w, https:\/\/rodelbahn.cl\/wp-content\/uploads\/2022\/07\/DSC_0458-1-1536x1097.jpg 1536w, https:\/\/rodelbahn.cl\/wp-content\/uploads\/2022\/07\/DSC_0458-1-2048x1463.jpg 2048w, https:\/\/rodelbahn.cl\/wp-content\/uploads\/2022\/07\/DSC_0458-1-600x429.jpg 600w\" sizes=\"(max-width: 2500px) 100vw, 2500px\" \/><\/div>\r\n\t\t<\/figure>\r\n\t<\/div>\r\n<\/div><\/div><\/div><div class=\"wpb_column vc_column_container vc_col-sm-3\"><div class=\"vc_column-inner\"><div class=\"wpb_wrapper\">\r\n\t<div class=\"wpb_single_image wpb_content_element vc_align_left\">\r\n\t\t\r\n\t\t<figure class=\"wpb_wrapper vc_figure\">\r\n\t\t\t<div class=\"vc_single_image-wrapper   vc_box_border_grey\"><img width=\"1120\" height=\"800\" src=\"https:\/\/rodelbahn.cl\/wp-content\/uploads\/2022\/07\/DSC02602.jpg\" class=\"vc_single_image-img attachment-full\" alt=\"\" decoding=\"async\" loading=\"lazy\" srcset=\"https:\/\/rodelbahn.cl\/wp-content\/uploads\/2022\/07\/DSC02602.jpg 1120w, https:\/\/rodelbahn.cl\/wp-content\/uploads\/2022\/07\/DSC02602-300x214.jpg 300w, https:\/\/rodelbahn.cl\/wp-content\/uploads\/2022\/07\/DSC02602-1024x731.jpg 1024w, https:\/\/rodelbahn.cl\/wp-content\/uploads\/2022\/07\/DSC02602-768x549.jpg 768w, https:\/\/rodelbahn.cl\/wp-content\/uploads\/2022\/07\/DSC02602-600x429.jpg 600w\" sizes=\"(max-width: 1120px) 100vw, 1120px\" \/><\/div>\r\n\t\t<\/figure>\r\n\t<\/div>\r\n<\/div><\/div><\/div><div class=\"wpb_column vc_column_container vc_col-sm-3\"><div class=\"vc_column-inner\"><div class=\"wpb_wrapper\">\r\n\t<div class=\"wpb_single_image wpb_content_element vc_align_left\">\r\n\t\t\r\n\t\t<figure class=\"wpb_wrapper vc_figure\">\r\n\t\t\t<div class=\"vc_single_image-wrapper   vc_box_border_grey\"><img width=\"2420\" height=\"1729\" src=\"https:\/\/rodelbahn.cl\/wp-content\/uploads\/2022\/07\/DSC_0463-1.jpg\" class=\"vc_single_image-img attachment-full\" alt=\"\" decoding=\"async\" loading=\"lazy\" srcset=\"https:\/\/rodelbahn.cl\/wp-content\/uploads\/2022\/07\/DSC_0463-1.jpg 2420w, https:\/\/rodelbahn.cl\/wp-content\/uploads\/2022\/07\/DSC_0463-1-300x214.jpg 300w, https:\/\/rodelbahn.cl\/wp-content\/uploads\/2022\/07\/DSC_0463-1-1024x732.jpg 1024w, https:\/\/rodelbahn.cl\/wp-content\/uploads\/2022\/07\/DSC_0463-1-768x549.jpg 768w, https:\/\/rodelbahn.cl\/wp-content\/uploads\/2022\/07\/DSC_0463-1-1536x1097.jpg 1536w, https:\/\/rodelbahn.cl\/wp-content\/uploads\/2022\/07\/DSC_0463-1-2048x1463.jpg 2048w, https:\/\/rodelbahn.cl\/wp-content\/uploads\/2022\/07\/DSC_0463-1-600x429.jpg 600w\" sizes=\"(max-width: 2420px) 100vw, 2420px\" \/><\/div>\r\n\t\t<\/figure>\r\n\t<\/div>\r\n<\/div><\/div><\/div><div class=\"wpb_column vc_column_container vc_col-sm-3\"><div class=\"vc_column-inner\"><div class=\"wpb_wrapper\">\r\n\t<div class=\"wpb_single_image wpb_content_element vc_align_left\">\r\n\t\t\r\n\t\t<figure class=\"wpb_wrapper vc_figure\">\r\n\t\t\t<div class=\"vc_single_image-wrapper   vc_box_border_grey\"><img width=\"1688\" height=\"1205\" src=\"https:\/\/rodelbahn.cl\/wp-content\/uploads\/2022\/07\/DSC_0027-1.jpg\" class=\"vc_single_image-img attachment-full\" alt=\"\" decoding=\"async\" loading=\"lazy\" srcset=\"https:\/\/rodelbahn.cl\/wp-content\/uploads\/2022\/07\/DSC_0027-1.jpg 1688w, https:\/\/rodelbahn.cl\/wp-content\/uploads\/2022\/07\/DSC_0027-1-300x214.jpg 300w, https:\/\/rodelbahn.cl\/wp-content\/uploads\/2022\/07\/DSC_0027-1-1024x731.jpg 1024w, https:\/\/rodelbahn.cl\/wp-content\/uploads\/2022\/07\/DSC_0027-1-768x548.jpg 768w, https:\/\/rodelbahn.cl\/wp-content\/uploads\/2022\/07\/DSC_0027-1-1536x1096.jpg 1536w, https:\/\/rodelbahn.cl\/wp-content\/uploads\/2022\/07\/DSC_0027-1-600x428.jpg 600w\" sizes=\"(max-width: 1688px) 100vw, 1688px\" \/><\/div>\r\n\t\t<\/figure>\r\n\t<\/div>\r\n<\/div><\/div><\/div><\/div><div class=\"vc_empty_space\"  style=\"height: 132px\" ><span class=\"vc_empty_space_inner\"><\/span><\/div>\r\n<div class=\"vc_row wpb_row vc_inner vc_row-fluid\"><div class=\"wpb_column vc_column_container vc_col-sm-4\"><div class=\"vc_column-inner\"><div class=\"wpb_wrapper\"><div\r\n\tclass=\"vc_icon_element vc_icon_element-outer vc_custom_1657036108128 vc_icon_element-align-center\">\r\n\t<div class=\"vc_icon_element-inner vc_icon_element-color-custom vc_icon_element-size-xl vc_icon_element-style- vc_icon_element-background-color-grey\">\r\n\t\t<span class=\"vc_icon_element-icon far fa-clock\" style=\"color:#ebebeb !important\"><\/span><\/div>\r\n<\/div>\r\n<h2 style=\"text-align: center\" class=\"vc_custom_heading\">Summer time<\/h2><h3 style=\"text-align: center\" class=\"vc_custom_heading vc_custom_1735999392929\">De Mi\u00e9rcoles a Domingos y festivos<\/h3><\/div><\/div><\/div><div class=\"wpb_column vc_column_container vc_col-sm-4\"><div class=\"vc_column-inner\"><div class=\"wpb_wrapper\"><div\r\n\tclass=\"vc_icon_element vc_icon_element-outer vc_custom_1657036108128 vc_icon_element-align-center\">\r\n\t<div class=\"vc_icon_element-inner vc_icon_element-color-custom vc_icon_element-size-xl vc_icon_element-style- vc_icon_element-background-color-grey\">\r\n\t\t<span class=\"vc_icon_element-icon far fa-clock\" style=\"color:#ebebeb !important\"><\/span><\/div>\r\n<\/div>\r\n<h2 style=\"text-align: center\" class=\"vc_custom_heading\">Horario invierno 11:00 - 19:00<\/h2><h3 style=\"text-align: center\" class=\"vc_custom_heading vc_custom_1657160430647\">Friday, Saturday, Sunday and holidays<br \/>Vacaciones de invierno de mi\u00e9rcoles a Domingo<\/h3><\/div><\/div><\/div><div class=\"wpb_column vc_column_container vc_col-sm-4\"><div class=\"vc_column-inner\"><div class=\"wpb_wrapper\"><div\r\n\tclass=\"vc_icon_element vc_icon_element-outer vc_custom_1657036113635 vc_icon_element-align-center\">\r\n\t<div class=\"vc_icon_element-inner vc_icon_element-color-custom vc_icon_element-size-xl vc_icon_element-style- vc_icon_element-background-color-grey\">\r\n\t\t<span class=\"vc_icon_element-icon fas fa-wallet\" style=\"color:#ebebeb !important\"><\/span><\/div>\r\n<\/div>\r\n<h2 style=\"text-align: center\" class=\"vc_custom_heading\">$8.000<\/h2><h3 style=\"text-align: center\" class=\"vc_custom_heading vc_custom_1657037107476\">Price per person<\/h3><\/div><\/div><\/div><\/div><div class=\"vc_empty_space\"  style=\"height: 132px\" ><span class=\"vc_empty_space_inner\"><\/span><\/div>\r\n<\/div><\/div><\/div><\/div><div class=\"vc_row-full-width vc_clearfix\"><\/div><div data-vc-full-width=\"true\" data-vc-full-width-init=\"false\" data-vc-stretch-content=\"true\" class=\"vc_row wpb_row vc_row-fluid vc_custom_1657036762647 vc_row-has-fill vc_row-no-padding\"><div class=\"wpb_column vc_column_container vc_col-sm-12\"><div class=\"vc_column-inner\"><div class=\"wpb_wrapper\">\r\n\t<div class=\"wpb_single_image wpb_content_element vc_align_center\">\r\n\t\t\r\n\t\t<figure class=\"wpb_wrapper vc_figure\">\r\n\t\t\t<a href=\"https:\/\/www.google.com\/maps\/dir\/-33.339833,-70.5588259\/rodelbahn\/@-33.3990653,-70.6142654,12z\/data=!3m1!4b1!4m9!4m8!1m1!4e1!1m5!1m1!1s0x9662cdfa593afbf9:0xaf632545a6b4e764!2m2!1d-70.5165006!2d-33.4593988\" target=\"_self\" class=\"vc_single_image-wrapper   vc_box_border_grey\"><img class=\"vc_single_image-img\" src=\"https:\/\/rodelbahn.cl\/wp-content\/uploads\/2022\/07\/mapa_Mesa-de-trabajo-1-01-2000x600.png\" width=\"2000\" height=\"600\" alt=\"mapa_Mesa de trabajo 1-01\" title=\"mapa_Mesa de trabajo 1-01\" \/><\/a>\r\n\t\t<\/figure>\r\n\t<\/div>\r\n<\/div><\/div><\/div><\/div><div class=\"vc_row-full-width vc_clearfix\"><\/div><div class=\"wpb_column vc_column_container vc_col-sm-12\"><div class=\"vc_column-inner\"><div class=\"wpb_wrapper\"><\/div><\/div><\/div><div class=\"sc_content content_wrap margin_top_xlarge margin_bottom_large\" data-animation=\"animated fadeInUp normal\"><\/div>\n\n\n<p> <\/p>","protected":false},"excerpt":{"rendered":"DESDE 02 DE MARZO HORARIOS 11:00 A 19:00 HRS VIERNES A DOMINGOS VISITANOS Horario verano 11:00 - 19:00De Mi\u00e9rcoles a Domingos y festivos Horario invierno 11:00 - 19:00Viernes, s\u00e1bados, domingos y festivosVacaciones de invierno de mi\u00e9rcoles a Domingo $8.000Valor por persona","protected":false},"author":1,"featured_media":0,"parent":0,"menu_order":0,"comment_status":"closed","ping_status":"closed","template":"","meta":[],"_links":{"self":[{"href":"https:\/\/rodelbahn.cl\/en\/wp-json\/wp\/v2\/pages\/40"}],"collection":[{"href":"https:\/\/rodelbahn.cl\/en\/wp-json\/wp\/v2\/pages"}],"about":[{"href":"https:\/\/rodelbahn.cl\/en\/wp-json\/wp\/v2\/types\/page"}],"author":[{"embeddable":true,"href":"https:\/\/rodelbahn.cl\/en\/wp-json\/wp\/v2\/users\/1"}],"replies":[{"embeddable":true,"href":"https:\/\/rodelbahn.cl\/en\/wp-json\/wp\/v2\/comments?post=40"}],"version-history":[{"count":72,"href":"https:\/\/rodelbahn.cl\/en\/wp-json\/wp\/v2\/pages\/40\/revisions"}],"predecessor-version":[{"id":1990,"href":"https:\/\/rodelbahn.cl\/en\/wp-json\/wp\/v2\/pages\/40\/revisions\/1990"}],"wp:attachment":[{"href":"https:\/\/rodelbahn.cl\/en\/wp-json\/wp\/v2\/media?parent=40"}],"curies":[{"name":"wp","href":"https:\/\/api.w.org\/{rel}","templated":true}]}}