{"id":42,"date":"2016-03-15T14:59:01","date_gmt":"2016-03-15T14:59:01","guid":{"rendered":"https:\/\/rodelbahn.cl\/?page_id=42"},"modified":"2022-07-07T02:10:23","modified_gmt":"2022-07-07T02:10:23","slug":"historia","status":"publish","type":"page","link":"https:\/\/rodelbahn.cl\/en\/historia\/","title":{"rendered":"Historia"},"content":{"rendered":"<div data-vc-full-width=\"true\" data-vc-full-width-init=\"false\" data-vc-stretch-content=\"true\" class=\"vc_row wpb_row vc_row-fluid vc_custom_1656956945254 vc_row-has-fill vc_row-no-padding\"><div class=\"wpb_column vc_column_container vc_col-sm-2\"><div class=\"vc_column-inner\"><div class=\"wpb_wrapper\"><\/div><\/div><\/div><div class=\"wpb_column vc_column_container vc_col-sm-8\"><div class=\"vc_column-inner\"><div class=\"wpb_wrapper\"><div class=\"vc_empty_space\"  style=\"height: 32px\" ><span class=\"vc_empty_space_inner\"><\/span><\/div>\r\n\r\n\t<div class=\"wpb_text_column wpb_content_element  vc_custom_1657143357583\">\r\n\t\t<div class=\"wpb_wrapper\">\r\n\t\t\t<h1><b>the most <em>spectacular<\/em> and unique project in Chile <em>and South America\u2026<\/em>\u2026<\/b><\/h1>\n\r\n\t\t<\/div>\r\n\t<\/div>\r\n<div class=\"vc_empty_space\"  style=\"height: 32px\" ><span class=\"vc_empty_space_inner\"><\/span><\/div>\r\n<\/div><\/div><\/div><div class=\"wpb_column vc_column_container vc_col-sm-2\"><div class=\"vc_column-inner\"><div class=\"wpb_wrapper\"><\/div><\/div><\/div><\/div><div class=\"vc_row-full-width vc_clearfix\"><\/div><div data-vc-full-width=\"true\" data-vc-full-width-init=\"false\" data-vc-stretch-content=\"true\" class=\"vc_row wpb_row vc_row-fluid vc_custom_1656957206100 vc_row-has-fill vc_column-gap-10 vc_row-no-padding\"><div class=\"wpb_column vc_column_container vc_col-sm-2\"><div class=\"vc_column-inner\"><div class=\"wpb_wrapper\"><\/div><\/div><\/div><div class=\"wpb_column vc_column_container vc_col-sm-8\"><div class=\"vc_column-inner\"><div class=\"wpb_wrapper\"><div class=\"vc_row wpb_row vc_inner vc_row-fluid vc_column-gap-20\"><div class=\"wpb_column vc_column_container vc_col-sm-6\"><div class=\"vc_column-inner\"><div class=\"wpb_wrapper\">\r\n\t<div class=\"wpb_single_image wpb_content_element vc_align_left  vc_custom_1657143412116\">\r\n\t\t\r\n\t\t<figure class=\"wpb_wrapper vc_figure\">\r\n\t\t\t<div class=\"vc_single_image-wrapper   vc_box_border_grey\"><img width=\"1173\" height=\"838\" src=\"https:\/\/rodelbahn.cl\/wp-content\/uploads\/2022\/07\/DSC02599.jpg\" class=\"vc_single_image-img attachment-full\" alt=\"\" decoding=\"async\" loading=\"lazy\" srcset=\"https:\/\/rodelbahn.cl\/wp-content\/uploads\/2022\/07\/DSC02599.jpg 1173w, https:\/\/rodelbahn.cl\/wp-content\/uploads\/2022\/07\/DSC02599-300x214.jpg 300w, https:\/\/rodelbahn.cl\/wp-content\/uploads\/2022\/07\/DSC02599-1024x732.jpg 1024w, https:\/\/rodelbahn.cl\/wp-content\/uploads\/2022\/07\/DSC02599-768x549.jpg 768w, https:\/\/rodelbahn.cl\/wp-content\/uploads\/2022\/07\/DSC02599-600x429.jpg 600w\" sizes=\"(max-width: 1173px) 100vw, 1173px\" \/><\/div>\r\n\t\t<\/figure>\r\n\t<\/div>\r\n<\/div><\/div><\/div><div class=\"wpb_column vc_column_container vc_col-sm-6\"><div class=\"vc_column-inner vc_custom_1657043793234\"><div class=\"wpb_wrapper\"><h2 style=\"color: #efefef;text-align: left\" class=\"vc_custom_heading vc_custom_1657159802471\">At 1,000 meters above sea level, for 25 years, there has been a unique toboggan in Latin America. This was the great idea of \u200b\u200bthe Austrian G\u00fcnter Bauer.<br \/>\nG\u00fcnter comments: \u201cWhen I arrived in Chile, 25 years ago, I couldn't speak a single word of Spanish. But I didn't care much about the linguistic. My desire to build this track was stronger than the language barrier.\"<\/h2><\/div><\/div><\/div><\/div><div class=\"vc_empty_space\"  style=\"height: 32px\" ><span class=\"vc_empty_space_inner\"><\/span><\/div>\r\n<\/div><\/div><\/div><div class=\"wpb_column vc_column_container vc_col-sm-2\"><div class=\"vc_column-inner\"><div class=\"wpb_wrapper\"><\/div><\/div><\/div><\/div><div class=\"vc_row-full-width vc_clearfix\"><\/div><div data-vc-full-width=\"true\" data-vc-full-width-init=\"false\" data-vc-stretch-content=\"true\" class=\"vc_row wpb_row vc_row-fluid vc_custom_1656957206100 vc_row-has-fill vc_column-gap-10 vc_row-no-padding\"><div class=\"wpb_column vc_column_container vc_col-sm-2\"><div class=\"vc_column-inner\"><div class=\"wpb_wrapper\"><\/div><\/div><\/div><div class=\"wpb_column vc_column_container vc_col-sm-8\"><div class=\"vc_column-inner\"><div class=\"wpb_wrapper\"><div class=\"vc_row wpb_row vc_inner vc_row-fluid vc_column-gap-20\"><div class=\"wpb_column vc_column_container vc_col-sm-6\"><div class=\"vc_column-inner vc_custom_1657043869663\"><div class=\"wpb_wrapper\"><h2 style=\"color: #efefef;text-align: left\" class=\"vc_custom_heading vc_custom_1657159810362\">The rodelbahn is approximately  1,100 yards long. It offers a special type of sports\u00b4s pleasure for all people in Santiago. Both \"speed-hungry\" and nature lovers, as well as those who seek peace and quiet, can enjoy wonderful views of the city, It\u00b4s a great deal!<\/h2><\/div><\/div><\/div><div class=\"wpb_column vc_column_container vc_col-sm-6\"><div class=\"vc_column-inner\"><div class=\"wpb_wrapper\">\r\n\t<div class=\"wpb_single_image wpb_content_element vc_align_left  vc_custom_1657143431524\">\r\n\t\t\r\n\t\t<figure class=\"wpb_wrapper vc_figure\">\r\n\t\t\t<div class=\"vc_single_image-wrapper   vc_box_border_grey\"><img width=\"2094\" height=\"1496\" src=\"https:\/\/rodelbahn.cl\/wp-content\/uploads\/2022\/07\/DSC_3132.jpg\" class=\"vc_single_image-img attachment-full\" alt=\"\" decoding=\"async\" loading=\"lazy\" srcset=\"https:\/\/rodelbahn.cl\/wp-content\/uploads\/2022\/07\/DSC_3132.jpg 2094w, https:\/\/rodelbahn.cl\/wp-content\/uploads\/2022\/07\/DSC_3132-300x214.jpg 300w, https:\/\/rodelbahn.cl\/wp-content\/uploads\/2022\/07\/DSC_3132-1024x732.jpg 1024w, https:\/\/rodelbahn.cl\/wp-content\/uploads\/2022\/07\/DSC_3132-768x549.jpg 768w, https:\/\/rodelbahn.cl\/wp-content\/uploads\/2022\/07\/DSC_3132-1536x1097.jpg 1536w, https:\/\/rodelbahn.cl\/wp-content\/uploads\/2022\/07\/DSC_3132-2048x1463.jpg 2048w, https:\/\/rodelbahn.cl\/wp-content\/uploads\/2022\/07\/DSC_3132-600x429.jpg 600w\" sizes=\"(max-width: 2094px) 100vw, 2094px\" \/><\/div>\r\n\t\t<\/figure>\r\n\t<\/div>\r\n<\/div><\/div><\/div><\/div><div class=\"vc_empty_space\"  style=\"height: 32px\" ><span class=\"vc_empty_space_inner\"><\/span><\/div>\r\n<\/div><\/div><\/div><div class=\"wpb_column vc_column_container vc_col-sm-2\"><div class=\"vc_column-inner\"><div class=\"wpb_wrapper\"><\/div><\/div><\/div><\/div><div class=\"vc_row-full-width vc_clearfix\"><\/div><div data-vc-full-width=\"true\" data-vc-full-width-init=\"false\" data-vc-stretch-content=\"true\" class=\"vc_row wpb_row vc_row-fluid vc_custom_1656957206100 vc_row-has-fill vc_column-gap-10 vc_row-no-padding\"><div class=\"wpb_column vc_column_container vc_col-sm-2\"><div class=\"vc_column-inner\"><div class=\"wpb_wrapper\"><\/div><\/div><\/div><div class=\"wpb_column vc_column_container vc_col-sm-8\"><div class=\"vc_column-inner\"><div class=\"wpb_wrapper\"><div class=\"vc_row wpb_row vc_inner vc_row-fluid vc_column-gap-20\"><div class=\"wpb_column vc_column_container vc_col-sm-6\"><div class=\"vc_column-inner\"><div class=\"wpb_wrapper\">\r\n\t<div class=\"wpb_single_image wpb_content_element vc_align_left  vc_custom_1657143335105\">\r\n\t\t\r\n\t\t<figure class=\"wpb_wrapper vc_figure\">\r\n\t\t\t<div class=\"vc_single_image-wrapper   vc_box_border_grey\"><img width=\"1120\" height=\"800\" src=\"https:\/\/rodelbahn.cl\/wp-content\/uploads\/2022\/07\/DSC02602.jpg\" class=\"vc_single_image-img attachment-full\" alt=\"\" decoding=\"async\" loading=\"lazy\" srcset=\"https:\/\/rodelbahn.cl\/wp-content\/uploads\/2022\/07\/DSC02602.jpg 1120w, https:\/\/rodelbahn.cl\/wp-content\/uploads\/2022\/07\/DSC02602-300x214.jpg 300w, https:\/\/rodelbahn.cl\/wp-content\/uploads\/2022\/07\/DSC02602-1024x731.jpg 1024w, https:\/\/rodelbahn.cl\/wp-content\/uploads\/2022\/07\/DSC02602-768x549.jpg 768w, https:\/\/rodelbahn.cl\/wp-content\/uploads\/2022\/07\/DSC02602-600x429.jpg 600w\" sizes=\"(max-width: 1120px) 100vw, 1120px\" \/><\/div>\r\n\t\t<\/figure>\r\n\t<\/div>\r\n<\/div><\/div><\/div><div class=\"wpb_column vc_column_container vc_col-sm-6\"><div class=\"vc_column-inner vc_custom_1657043793234\"><div class=\"wpb_wrapper\"><h2 style=\"color: #efefef;text-align: left\" class=\"vc_custom_heading vc_custom_1657159819734\">Every year it enjoys a large number of visitors, including a many international ones. The list of Chilean celebrities who once \"ventured down the toboggan\" is long.<\/h2><\/div><\/div><\/div><\/div><div class=\"vc_empty_space\"  style=\"height: 32px\" ><span class=\"vc_empty_space_inner\"><\/span><\/div>\r\n<\/div><\/div><\/div><div class=\"wpb_column vc_column_container vc_col-sm-2\"><div class=\"vc_column-inner\"><div class=\"wpb_wrapper\"><\/div><\/div><\/div><\/div><div class=\"vc_row-full-width vc_clearfix\"><\/div>","protected":false},"excerpt":{"rendered":"Uno de los proyectos m\u00e1s espectaculares, \u00fanico en Chile y Sudam\u00e9rica\u2026 En 1000 metros sobre el nivel del mar, existe hace ya 25 a\u00f1os una pista de trineo unica en america latina. Este fue la gran idea del austriaco G\u00fcnter Bauer. G\u00fcnter se\u00f1ala: \u201cCuando aterric\u00e9 en Chile hace 25 a\u00f1os, no pod\u00eda hablar una sola [...]","protected":false},"author":1,"featured_media":0,"parent":0,"menu_order":0,"comment_status":"closed","ping_status":"closed","template":"","meta":[],"_links":{"self":[{"href":"https:\/\/rodelbahn.cl\/en\/wp-json\/wp\/v2\/pages\/42"}],"collection":[{"href":"https:\/\/rodelbahn.cl\/en\/wp-json\/wp\/v2\/pages"}],"about":[{"href":"https:\/\/rodelbahn.cl\/en\/wp-json\/wp\/v2\/types\/page"}],"author":[{"embeddable":true,"href":"https:\/\/rodelbahn.cl\/en\/wp-json\/wp\/v2\/users\/1"}],"replies":[{"embeddable":true,"href":"https:\/\/rodelbahn.cl\/en\/wp-json\/wp\/v2\/comments?post=42"}],"version-history":[{"count":9,"href":"https:\/\/rodelbahn.cl\/en\/wp-json\/wp\/v2\/pages\/42\/revisions"}],"predecessor-version":[{"id":1911,"href":"https:\/\/rodelbahn.cl\/en\/wp-json\/wp\/v2\/pages\/42\/revisions\/1911"}],"wp:attachment":[{"href":"https:\/\/rodelbahn.cl\/en\/wp-json\/wp\/v2\/media?parent=42"}],"curies":[{"name":"wp","href":"https:\/\/api.w.org\/{rel}","templated":true}]}}